{"id":29,"date":"2026-01-26T09:33:12","date_gmt":"2026-01-26T09:33:12","guid":{"rendered":"https:\/\/patitodegoma.es\/?page_id=29"},"modified":"2026-01-26T17:54:00","modified_gmt":"2026-01-26T17:54:00","slug":"pricipal","status":"publish","type":"page","link":"https:\/\/patitodegoma.es\/","title":{"rendered":"Principal"},"content":{"rendered":"\t\t<div data-elementor-type=\"wp-page\" data-elementor-id=\"29\" class=\"elementor elementor-29\" data-elementor-post-type=\"page\">\n\t\t\t\t<div class=\"elementor-element elementor-element-87e9d46 e-con-full e-flex e-con e-parent\" data-id=\"87e9d46\" data-element_type=\"container\" data-settings=\"{&quot;background_background&quot;:&quot;video&quot;,&quot;background_video_link&quot;:&quot;https:\\\/\\\/patitodegoma.es\\\/wp-content\\\/uploads\\\/2026\\\/01\\\/bstADBgl.mp4&quot;,&quot;background_video_start&quot;:-2}\">\n\t\t<div class=\"elementor-background-video-container elementor-hidden-mobile\">\n\t\t\t\t\t\t\t<video class=\"elementor-background-video-hosted\" role=\"presentation\" autoplay muted playsinline loop><\/video>\n\t\t\t\t\t<\/div>\t\t<\/div>\n\t\t<div class=\"elementor-element elementor-element-e16a1c1 e-flex e-con-boxed e-con e-parent\" data-id=\"e16a1c1\" data-element_type=\"container\">\n\t\t\t\t\t<div class=\"e-con-inner\">\n\t\t\t\t<div class=\"elementor-element elementor-element-46e001c elementor-widget elementor-widget-heading\" data-id=\"46e001c\" data-element_type=\"widget\" data-widget_type=\"heading.default\">\n\t\t\t\t\t<h1 class=\"elementor-heading-title elementor-size-default\">\nCENTRO OPTICO NARON<br>\nDesde 1992, tu \u00f3ptica en Nar\u00f3n de referencia\n<\/h1>\t\t\t\t<\/div>\n\t\t\t\t\t<\/div>\n\t\t\t\t<\/div>\n\t\t<div class=\"elementor-element elementor-element-7353e2e e-con-full e-flex e-con e-parent\" data-id=\"7353e2e\" data-element_type=\"container\">\n\t\t\t\t<div class=\"elementor-element elementor-element-ac28794 elementor-widget elementor-widget-text-editor\" data-id=\"ac28794\" data-element_type=\"widget\" data-widget_type=\"text-editor.default\">\n\t\t\t\t\t\t\t\t\t<div class=\"et_pb_row et_pb_row_1 et_pb_row_fullwidth\"><div class=\"et_pb_column et_pb_column_4_4 et_pb_column_1    et_pb_css_mix_blend_mode_passthrough et-last-child\"><div class=\"et_pb_module et_pb_text et_pb_text_1 et_pb_bg_layout_light  et_pb_text_align_left\"><div class=\"et_pb_text_inner\"><p>Desde el primer momento, <strong>Centro Optico Nar\u00f3n<\/strong> nace como una o\u0301ptica u\u0301nica y diferente en <strong>Nar\u00f3n<\/strong>, donde el objetivo fundamental es mejorar la salud <strong>visual y auditiva<\/strong> de nuestros pacientes, con el valor a\u00f1adido de nuestro equipo formado por profesionales <strong>optometristas y audiometristas.<\/strong><\/p><p>Somos especialista en cuidar de la salud visual y auditiva, siendo una o\u0301ptica pionera en revisiones, diagno\u0301sticos y adaptaciones, disponemos de las herramientas ma\u0301s avanzadas y novedosas que nos proporcionan el mejor apoyo para realizar di\u0301a a di\u0301a nuestro trabajo.<\/p><\/div><\/div><\/div><\/div>\t\t\t\t\t\t\t\t<\/div>\n\t\t\t\t<\/div>\n\t\t<div class=\"elementor-element elementor-element-e6998b2 e-con-full e-flex e-con e-parent\" data-id=\"e6998b2\" data-element_type=\"container\">\n\t\t<div class=\"elementor-element elementor-element-d85f6a9 e-con-full e-flex e-con e-child\" data-id=\"d85f6a9\" data-element_type=\"container\">\n\t\t\t\t<\/div>\n\t\t<div class=\"elementor-element elementor-element-6ef04f7 e-con-full e-flex e-con e-child\" data-id=\"6ef04f7\" data-element_type=\"container\">\n\t\t\t\t<div class=\"elementor-element elementor-element-f7f985b elementor-widget elementor-widget-image\" data-id=\"f7f985b\" data-element_type=\"widget\" data-widget_type=\"image.default\">\n\t\t\t\t\t\t\t\t\t\t\t\t\t\t\t<img fetchpriority=\"high\" decoding=\"async\" width=\"777\" height=\"251\" src=\"https:\/\/patitodegoma.es\/wp-content\/uploads\/2026\/01\/M4-Banner-970x250-2.png\" class=\"attachment-large size-large wp-image-32\" alt=\"\" srcset=\"https:\/\/patitodegoma.es\/wp-content\/uploads\/2026\/01\/M4-Banner-970x250-2.png 777w, https:\/\/patitodegoma.es\/wp-content\/uploads\/2026\/01\/M4-Banner-970x250-2-300x97.png 300w, https:\/\/patitodegoma.es\/wp-content\/uploads\/2026\/01\/M4-Banner-970x250-2-768x248.png 768w\" sizes=\"(max-width: 777px) 100vw, 777px\" \/>\t\t\t\t\t\t\t\t\t\t\t\t\t\t\t<\/div>\n\t\t\t\t<\/div>\n\t\t<div class=\"elementor-element elementor-element-6e160df e-con-full e-flex e-con e-child\" data-id=\"6e160df\" data-element_type=\"container\">\n\t\t\t\t<\/div>\n\t\t\t\t<\/div>\n\t\t<div class=\"elementor-element elementor-element-1ce268a e-flex e-con-boxed e-con e-parent\" data-id=\"1ce268a\" data-element_type=\"container\">\n\t\t\t\t\t<div class=\"e-con-inner\">\n\t\t\t\t<div class=\"elementor-element elementor-element-30f6d37 elementor-widget elementor-widget-heading\" data-id=\"30f6d37\" data-element_type=\"widget\" data-widget_type=\"heading.default\">\n\t\t\t\t\t<h2 class=\"elementor-heading-title elementor-size-default\">Tu vista en las mejores manos<\/h2>\t\t\t\t<\/div>\n\t\t\t\t\t<\/div>\n\t\t\t\t<\/div>\n\t\t<div class=\"elementor-element elementor-element-0e78978 e-flex e-con-boxed e-con e-parent\" data-id=\"0e78978\" data-element_type=\"container\">\n\t\t\t\t\t<div class=\"e-con-inner\">\n\t\t<div class=\"elementor-element elementor-element-003a4a9 e-con-full e-flex e-con e-child\" data-id=\"003a4a9\" data-element_type=\"container\">\n\t\t\t\t<div class=\"elementor-element elementor-element-3c485c7 elementor-position-top elementor-widget elementor-widget-image-box\" data-id=\"3c485c7\" data-element_type=\"widget\" data-widget_type=\"image-box.default\">\n\t\t\t\t\t<div class=\"elementor-image-box-wrapper\"><figure class=\"elementor-image-box-img\"><img decoding=\"async\" width=\"960\" height=\"540\" src=\"https:\/\/patitodegoma.es\/wp-content\/uploads\/2026\/01\/test-de-vista-test-visual.jpg\" class=\"attachment-full size-full wp-image-33\" alt=\"\" srcset=\"https:\/\/patitodegoma.es\/wp-content\/uploads\/2026\/01\/test-de-vista-test-visual.jpg 960w, https:\/\/patitodegoma.es\/wp-content\/uploads\/2026\/01\/test-de-vista-test-visual-300x169.jpg 300w, https:\/\/patitodegoma.es\/wp-content\/uploads\/2026\/01\/test-de-vista-test-visual-768x432.jpg 768w\" sizes=\"(max-width: 960px) 100vw, 960px\" \/><\/figure><div class=\"elementor-image-box-content\"><h3 class=\"elementor-image-box-title\">TEST VISUAL<\/h3><p class=\"elementor-image-box-description\">Los test de visi\u00f3n nos permiten detectar alteraciones visuales o defectos retractivos. Entre ellas, la miop\u00eda, hipermetrop\u00eda, presbicia, etc\u2026<\/p><\/div><\/div>\t\t\t\t<\/div>\n\t\t\t\t<\/div>\n\t\t<div class=\"elementor-element elementor-element-87a867d e-con-full e-flex e-con e-child\" data-id=\"87a867d\" data-element_type=\"container\">\n\t\t\t\t<div class=\"elementor-element elementor-element-c9be59f elementor-position-top elementor-widget elementor-widget-image-box\" data-id=\"c9be59f\" data-element_type=\"widget\" data-widget_type=\"image-box.default\">\n\t\t\t\t\t<div class=\"elementor-image-box-wrapper\"><figure class=\"elementor-image-box-img\"><img decoding=\"async\" width=\"650\" height=\"430\" src=\"https:\/\/patitodegoma.es\/wp-content\/uploads\/2026\/01\/visual_centroopticonaron.jpg\" class=\"attachment-full size-full wp-image-34\" alt=\"\" srcset=\"https:\/\/patitodegoma.es\/wp-content\/uploads\/2026\/01\/visual_centroopticonaron.jpg 650w, https:\/\/patitodegoma.es\/wp-content\/uploads\/2026\/01\/visual_centroopticonaron-300x198.jpg 300w\" sizes=\"(max-width: 650px) 100vw, 650px\" \/><\/figure><div class=\"elementor-image-box-content\"><h3 class=\"elementor-image-box-title\">GRADUACION VISTA<\/h3><p class=\"elementor-image-box-description\">Para elegir unas buenas gafas graduadas, lo primero que hay que hacer es ponerse en manos de un buen profesional para graduarnos la vista.<\/p><\/div><\/div>\t\t\t\t<\/div>\n\t\t\t\t<\/div>\n\t\t<div class=\"elementor-element elementor-element-249d0d2 e-con-full e-flex e-con e-child\" data-id=\"249d0d2\" data-element_type=\"container\">\n\t\t\t\t<div class=\"elementor-element elementor-element-eb60520 elementor-position-top elementor-widget elementor-widget-image-box\" data-id=\"eb60520\" data-element_type=\"widget\" data-widget_type=\"image-box.default\">\n\t\t\t\t\t<div class=\"elementor-image-box-wrapper\"><figure class=\"elementor-image-box-img\"><img loading=\"lazy\" decoding=\"async\" width=\"1200\" height=\"675\" src=\"https:\/\/patitodegoma.es\/wp-content\/uploads\/2026\/01\/lentes-de-contacto.jpg\" class=\"attachment-full size-full wp-image-35\" alt=\"\" srcset=\"https:\/\/patitodegoma.es\/wp-content\/uploads\/2026\/01\/lentes-de-contacto.jpg 1200w, https:\/\/patitodegoma.es\/wp-content\/uploads\/2026\/01\/lentes-de-contacto-300x169.jpg 300w, https:\/\/patitodegoma.es\/wp-content\/uploads\/2026\/01\/lentes-de-contacto-1024x576.jpg 1024w, https:\/\/patitodegoma.es\/wp-content\/uploads\/2026\/01\/lentes-de-contacto-768x432.jpg 768w\" sizes=\"(max-width: 1200px) 100vw, 1200px\" \/><\/figure><div class=\"elementor-image-box-content\"><h3 class=\"elementor-image-box-title\">LENTES DE CONTACTO<\/h3><p class=\"elementor-image-box-description\">Los lentes de contacto son una excelente opci\u00f3n para casi todas las personas que necesiten correcci\u00f3n de la visi\u00f3n. Una buena opci\u00f3n para hacer deporte<\/p><\/div><\/div>\t\t\t\t<\/div>\n\t\t\t\t<\/div>\n\t\t<div class=\"elementor-element elementor-element-1258608 e-con-full e-flex e-con e-child\" data-id=\"1258608\" data-element_type=\"container\">\n\t\t\t\t<div class=\"elementor-element elementor-element-ed7089f elementor-position-top elementor-widget elementor-widget-image-box\" data-id=\"ed7089f\" data-element_type=\"widget\" data-widget_type=\"image-box.default\">\n\t\t\t\t\t<div class=\"elementor-image-box-wrapper\"><figure class=\"elementor-image-box-img\"><img loading=\"lazy\" decoding=\"async\" width=\"656\" height=\"390\" src=\"https:\/\/patitodegoma.es\/wp-content\/uploads\/2026\/01\/nuestrasLentes.jpg\" class=\"attachment-full size-full wp-image-36\" alt=\"\" srcset=\"https:\/\/patitodegoma.es\/wp-content\/uploads\/2026\/01\/nuestrasLentes.jpg 656w, https:\/\/patitodegoma.es\/wp-content\/uploads\/2026\/01\/nuestrasLentes-300x178.jpg 300w\" sizes=\"(max-width: 656px) 100vw, 656px\" \/><\/figure><div class=\"elementor-image-box-content\"><h3 class=\"elementor-image-box-title\">CRISTALES<\/h3><p class=\"elementor-image-box-description\">Si usas gafas graduadas te aconsejaermos los cristales m\u00e1s adecuados a tus necesidades.\n\nTrabajamos con las mejores marcas:<strong>Indo, Hoya, Essilor, Rodenstock, etc<strong><\/p><\/div><\/div>\t\t\t\t<\/div>\n\t\t\t\t<\/div>\n\t\t\t\t\t<\/div>\n\t\t\t\t<\/div>\n\t\t<div class=\"elementor-element elementor-element-77b8859 e-flex e-con-boxed e-con e-parent\" data-id=\"77b8859\" data-element_type=\"container\">\n\t\t\t\t\t<div class=\"e-con-inner\">\n\t\t\t\t\t<\/div>\n\t\t\t\t<\/div>\n\t\t<div class=\"elementor-element elementor-element-d93cc88 e-con-full e-flex e-con e-parent\" data-id=\"d93cc88\" data-element_type=\"container\">\n\t\t<div class=\"elementor-element elementor-element-51d19a8 e-con-full e-flex e-con e-child\" data-id=\"51d19a8\" data-element_type=\"container\">\n\t\t\t\t<div class=\"elementor-element elementor-element-1dab660 elementor-widget elementor-widget-image\" data-id=\"1dab660\" data-element_type=\"widget\" data-widget_type=\"image.default\">\n\t\t\t\t\t\t\t\t\t\t\t\t\t\t\t<img loading=\"lazy\" decoding=\"async\" width=\"1024\" height=\"683\" src=\"https:\/\/patitodegoma.es\/wp-content\/uploads\/2026\/01\/Audiometriab-1024x683.jpg\" class=\"attachment-large size-large wp-image-40\" alt=\"\" srcset=\"https:\/\/patitodegoma.es\/wp-content\/uploads\/2026\/01\/Audiometriab-1024x683.jpg 1024w, https:\/\/patitodegoma.es\/wp-content\/uploads\/2026\/01\/Audiometriab-300x200.jpg 300w, https:\/\/patitodegoma.es\/wp-content\/uploads\/2026\/01\/Audiometriab-768x512.jpg 768w, https:\/\/patitodegoma.es\/wp-content\/uploads\/2026\/01\/Audiometriab.jpg 1500w\" sizes=\"(max-width: 1024px) 100vw, 1024px\" \/>\t\t\t\t\t\t\t\t\t\t\t\t\t\t\t<\/div>\n\t\t\t\t<\/div>\n\t\t<div class=\"elementor-element elementor-element-ba06ff7 e-con-full e-flex e-con e-child\" data-id=\"ba06ff7\" data-element_type=\"container\">\n\t\t\t\t<div class=\"elementor-element elementor-element-9be723f elementor-widget elementor-widget-heading\" data-id=\"9be723f\" data-element_type=\"widget\" data-widget_type=\"heading.default\">\n\t\t\t\t\t<h4 class=\"elementor-heading-title elementor-size-default\">\u00bfAlguna vez te has preguntado si oyes como deber\u00edas?<\/h4>\t\t\t\t<\/div>\n\t\t\t\t<div class=\"elementor-element elementor-element-6855b70 elementor-widget elementor-widget-text-editor\" data-id=\"6855b70\" data-element_type=\"widget\" data-widget_type=\"text-editor.default\">\n\t\t\t\t\t\t\t\t\t<div class=\"et_pb_module et_pb_text et_pb_text_4 et_pb_bg_layout_light  et_pb_text_align_left\"><div class=\"et_pb_text_inner\"><p>Si has notado cualquier tipo de problema auditivo en tu d\u00eda a d\u00eda, las revisiones de o\u00eddo son la manera segura de comprobarlo.<\/p><p>Realizamos audiometr\u00edas y adaptaciones de aud\u00edfonos digitales de \u00faltima generaci\u00f3n, en nuestro gabinete auditivo va a contar con los profesionales que necesita,nuestras revisiones llevan la garant\u00eda de estar realizadas por verdaderos profesionales, con los mejores medios y con la mayor fiabilidad<\/p><\/div><\/div>\t\t\t\t\t\t\t\t<\/div>\n\t\t\t\t<\/div>\n\t\t<div class=\"elementor-element elementor-element-ab557da e-con-full e-flex e-con e-child\" data-id=\"ab557da\" data-element_type=\"container\">\n\t\t\t\t<div class=\"elementor-element elementor-element-8cbca96 elementor-icon-list--layout-traditional elementor-list-item-link-full_width elementor-widget elementor-widget-icon-list\" data-id=\"8cbca96\" data-element_type=\"widget\" data-widget_type=\"icon-list.default\">\n\t\t\t\t\t\t\t<ul class=\"elementor-icon-list-items\">\n\t\t\t\t\t\t\t<li class=\"elementor-icon-list-item\">\n\t\t\t\t\t\t\t\t\t\t\t<span class=\"elementor-icon-list-icon\">\n\t\t\t\t\t\t\t<svg aria-hidden=\"true\" class=\"e-font-icon-svg e-fas-check\" viewBox=\"0 0 512 512\" xmlns=\"http:\/\/www.w3.org\/2000\/svg\"><path d=\"M173.898 439.404l-166.4-166.4c-9.997-9.997-9.997-26.206 0-36.204l36.203-36.204c9.997-9.998 26.207-9.998 36.204 0L192 312.69 432.095 72.596c9.997-9.997 26.207-9.997 36.204 0l36.203 36.204c9.997 9.997 9.997 26.206 0 36.204l-294.4 294.401c-9.998 9.997-26.207 9.997-36.204-.001z\"><\/path><\/svg>\t\t\t\t\t\t<\/span>\n\t\t\t\t\t\t\t\t\t\t<span class=\"elementor-icon-list-text\">ESTUDIO OBJETIVO DE MEDIDAS EN OIDO REAL<\/span>\n\t\t\t\t\t\t\t\t\t<\/li>\n\t\t\t\t\t\t\t\t<li class=\"elementor-icon-list-item\">\n\t\t\t\t\t\t\t\t\t\t\t<span class=\"elementor-icon-list-icon\">\n\t\t\t\t\t\t\t<svg aria-hidden=\"true\" class=\"e-font-icon-svg e-fas-check\" viewBox=\"0 0 512 512\" xmlns=\"http:\/\/www.w3.org\/2000\/svg\"><path d=\"M173.898 439.404l-166.4-166.4c-9.997-9.997-9.997-26.206 0-36.204l36.203-36.204c9.997-9.998 26.207-9.998 36.204 0L192 312.69 432.095 72.596c9.997-9.997 26.207-9.997 36.204 0l36.203 36.204c9.997 9.997 9.997 26.206 0 36.204l-294.4 294.401c-9.998 9.997-26.207 9.997-36.204-.001z\"><\/path><\/svg>\t\t\t\t\t\t<\/span>\n\t\t\t\t\t\t\t\t\t\t<span class=\"elementor-icon-list-text\">ELECCION DE LOS AUDIFONOS<\/span>\n\t\t\t\t\t\t\t\t\t<\/li>\n\t\t\t\t\t\t\t\t<li class=\"elementor-icon-list-item\">\n\t\t\t\t\t\t\t\t\t\t\t<span class=\"elementor-icon-list-icon\">\n\t\t\t\t\t\t\t<svg aria-hidden=\"true\" class=\"e-font-icon-svg e-fas-check\" viewBox=\"0 0 512 512\" xmlns=\"http:\/\/www.w3.org\/2000\/svg\"><path d=\"M173.898 439.404l-166.4-166.4c-9.997-9.997-9.997-26.206 0-36.204l36.203-36.204c9.997-9.998 26.207-9.998 36.204 0L192 312.69 432.095 72.596c9.997-9.997 26.207-9.997 36.204 0l36.203 36.204c9.997 9.997 9.997 26.206 0 36.204l-294.4 294.401c-9.998 9.997-26.207 9.997-36.204-.001z\"><\/path><\/svg>\t\t\t\t\t\t<\/span>\n\t\t\t\t\t\t\t\t\t\t<span class=\"elementor-icon-list-text\">ESTUDIO DE LA GANANCIA FUNCIONAL CON AUDIFONOS<\/span>\n\t\t\t\t\t\t\t\t\t<\/li>\n\t\t\t\t\t\t\t\t<li class=\"elementor-icon-list-item\">\n\t\t\t\t\t\t\t\t\t\t\t<span class=\"elementor-icon-list-icon\">\n\t\t\t\t\t\t\t<svg aria-hidden=\"true\" class=\"e-font-icon-svg e-fas-check\" viewBox=\"0 0 512 512\" xmlns=\"http:\/\/www.w3.org\/2000\/svg\"><path d=\"M173.898 439.404l-166.4-166.4c-9.997-9.997-9.997-26.206 0-36.204l36.203-36.204c9.997-9.998 26.207-9.998 36.204 0L192 312.69 432.095 72.596c9.997-9.997 26.207-9.997 36.204 0l36.203 36.204c9.997 9.997 9.997 26.206 0 36.204l-294.4 294.401c-9.998 9.997-26.207 9.997-36.204-.001z\"><\/path><\/svg>\t\t\t\t\t\t<\/span>\n\t\t\t\t\t\t\t\t\t\t<span class=\"elementor-icon-list-text\">ENTREGA Y PROGRAMACION PERSONALIZADA<\/span>\n\t\t\t\t\t\t\t\t\t<\/li>\n\t\t\t\t\t\t\t\t<li class=\"elementor-icon-list-item\">\n\t\t\t\t\t\t\t\t\t\t\t<a href=\"http:\/\/REVISIONES%20PERIODICAS\">\n\n\t\t\t\t\t\t\t\t\t\t\t\t<span class=\"elementor-icon-list-icon\">\n\t\t\t\t\t\t\t<svg aria-hidden=\"true\" class=\"e-font-icon-svg e-fas-check\" viewBox=\"0 0 512 512\" xmlns=\"http:\/\/www.w3.org\/2000\/svg\"><path d=\"M173.898 439.404l-166.4-166.4c-9.997-9.997-9.997-26.206 0-36.204l36.203-36.204c9.997-9.998 26.207-9.998 36.204 0L192 312.69 432.095 72.596c9.997-9.997 26.207-9.997 36.204 0l36.203 36.204c9.997 9.997 9.997 26.206 0 36.204l-294.4 294.401c-9.998 9.997-26.207 9.997-36.204-.001z\"><\/path><\/svg>\t\t\t\t\t\t<\/span>\n\t\t\t\t\t\t\t\t\t\t<span class=\"elementor-icon-list-text\">ESTUDIO OBJETIVO DE MEDIDAS EN OIDO REAL<\/span>\n\t\t\t\t\t\t\t\t\t\t\t<\/a>\n\t\t\t\t\t\t\t\t\t<\/li>\n\t\t\t\t\t\t<\/ul>\n\t\t\t\t\t\t<\/div>\n\t\t\t\t<\/div>\n\t\t\t\t<\/div>\n\t\t<div class=\"elementor-element elementor-element-3d58662 e-flex e-con-boxed e-con e-parent\" data-id=\"3d58662\" data-element_type=\"container\">\n\t\t\t\t\t<div class=\"e-con-inner\">\n\t\t\t\t<div class=\"elementor-element elementor-element-73ead58 elementor-widget elementor-widget-heading\" data-id=\"73ead58\" data-element_type=\"widget\" data-widget_type=\"heading.default\">\n\t\t\t\t\t<h2 class=\"elementor-heading-title elementor-size-default\">\n\nLlevamos m\u00e1s de 20 a\u00f1os ofreciendo la mejor soluci\u00f3n a cualquier problema visual y auditivo, contamos con un taller de montaje propio.\nGafas de sol, gafas graduadas, lentes de contacto, monturas, aud\u00edfonos\u2026\n<\/h2>\t\t\t\t<\/div>\n\t\t\t\t\t<\/div>\n\t\t\t\t<\/div>\n\t\t\t\t<\/div>\n\t\t","protected":false},"excerpt":{"rendered":"<p>CENTRO OPTICO NARON Desde 1992, tu \u00f3ptica en Nar\u00f3n de referencia Desde el primer momento, Centro Optico Nar\u00f3n nace como [&hellip;]<\/p>\n","protected":false},"author":1,"featured_media":0,"parent":0,"menu_order":0,"comment_status":"closed","ping_status":"closed","template":"","meta":{"site-sidebar-layout":"no-sidebar","site-content-layout":"","ast-site-content-layout":"full-width-container","site-content-style":"default","site-sidebar-style":"default","ast-global-header-display":"","ast-banner-title-visibility":"","ast-main-header-display":"","ast-hfb-above-header-display":"","ast-hfb-below-header-display":"","ast-hfb-mobile-header-display":"","site-post-title":"disabled","ast-breadcrumbs-content":"","ast-featured-img":"disabled","footer-sml-layout":"","ast-disable-related-posts":"","theme-transparent-header-meta":"default","adv-header-id-meta":"","stick-header-meta":"","header-above-stick-meta":"","header-main-stick-meta":"","header-below-stick-meta":"","astra-migrate-meta-layouts":"set","ast-page-background-enabled":"default","ast-page-background-meta":{"desktop":{"background-color":"var(--ast-global-color-5)","background-image":"","background-repeat":"repeat","background-position":"center center","background-size":"auto","background-attachment":"scroll","background-type":"","background-media":"","overlay-type":"","overlay-color":"","overlay-opacity":"","overlay-gradient":""},"tablet":{"background-color":"","background-image":"","background-repeat":"repeat","background-position":"center center","background-size":"auto","background-attachment":"scroll","background-type":"","background-media":"","overlay-type":"","overlay-color":"","overlay-opacity":"","overlay-gradient":""},"mobile":{"background-color":"","background-image":"","background-repeat":"repeat","background-position":"center center","background-size":"auto","background-attachment":"scroll","background-type":"","background-media":"","overlay-type":"","overlay-color":"","overlay-opacity":"","overlay-gradient":""}},"ast-content-background-meta":{"desktop":{"background-color":"var(--ast-global-color-4)","background-image":"","background-repeat":"repeat","background-position":"center center","background-size":"auto","background-attachment":"scroll","background-type":"","background-media":"","overlay-type":"","overlay-color":"","overlay-opacity":"","overlay-gradient":""},"tablet":{"background-color":"var(--ast-global-color-4)","background-image":"","background-repeat":"repeat","background-position":"center center","background-size":"auto","background-attachment":"scroll","background-type":"","background-media":"","overlay-type":"","overlay-color":"","overlay-opacity":"","overlay-gradient":""},"mobile":{"background-color":"var(--ast-global-color-4)","background-image":"","background-repeat":"repeat","background-position":"center center","background-size":"auto","background-attachment":"scroll","background-type":"","background-media":"","overlay-type":"","overlay-color":"","overlay-opacity":"","overlay-gradient":""}},"_joinchat":[],"footnotes":""},"class_list":["post-29","page","type-page","status-publish","hentry"],"_links":{"self":[{"href":"https:\/\/patitodegoma.es\/index.php\/wp-json\/wp\/v2\/pages\/29","targetHints":{"allow":["GET"]}}],"collection":[{"href":"https:\/\/patitodegoma.es\/index.php\/wp-json\/wp\/v2\/pages"}],"about":[{"href":"https:\/\/patitodegoma.es\/index.php\/wp-json\/wp\/v2\/types\/page"}],"author":[{"embeddable":true,"href":"https:\/\/patitodegoma.es\/index.php\/wp-json\/wp\/v2\/users\/1"}],"replies":[{"embeddable":true,"href":"https:\/\/patitodegoma.es\/index.php\/wp-json\/wp\/v2\/comments?post=29"}],"version-history":[{"count":33,"href":"https:\/\/patitodegoma.es\/index.php\/wp-json\/wp\/v2\/pages\/29\/revisions"}],"predecessor-version":[{"id":143,"href":"https:\/\/patitodegoma.es\/index.php\/wp-json\/wp\/v2\/pages\/29\/revisions\/143"}],"wp:attachment":[{"href":"https:\/\/patitodegoma.es\/index.php\/wp-json\/wp\/v2\/media?parent=29"}],"curies":[{"name":"wp","href":"https:\/\/api.w.org\/{rel}","templated":true}]}}